{"id":3,"date":"2025-05-23T10:05:37","date_gmt":"2025-05-23T08:05:37","guid":{"rendered":"http:\/\/serwer2498234.home.pl\/autoinstalator\/wordpress6\/?page_id=3"},"modified":"2025-07-09T13:40:08","modified_gmt":"2025-07-09T11:40:08","slug":"privacy-policy","status":"publish","type":"page","link":"https:\/\/drkasia.pl\/en\/privacy-policy\/","title":{"rendered":"Privacy Policy"},"content":{"rendered":"<h1><strong>Privacy Policy<\/strong><\/h1>\n<ol>\n<li>\n<h3><strong> Data Controller<\/strong><\/h3>\n<p>The controller of personal data collected via the contact form on this website is:<br \/>\n<strong>Katarzyna Maci\u0105gowska<\/strong><br \/>\nal. Ko\u015bciuszki 45<br \/>\n90-514 \u0141\u00f3d\u017a<br \/>\nNIP: 7292678585<br \/>\nContact:\u00a0kontakt@drkasia.pl\u00a0\/ tel. +48 786 480 224<\/li>\n<li>\n<h3><strong> Scope of Processed Data<\/strong><\/h3>\n<p>The following personal data is collected via the contact form:<\/li>\n<\/ol>\n<ul>\n<li>Full name,<\/li>\n<li>Email address,<\/li>\n<li>Message content (which may contain additional data voluntarily provided by the user).<\/li>\n<\/ul>\n<ol start=\"3\">\n<li>\n<h3><strong> Purpose and Legal Basis of Data Processing<\/strong><\/h3>\n<p>Personal data is processed solely for the purpose of:<\/li>\n<\/ol>\n<ul>\n<li>Responding to the submitted enquiry.<br \/>\nThe legal basis for data processing is\u00a0<strong>Article 6(1)(f) of the GDPR<\/strong>, which refers to the legitimate interest of the data controller in conducting correspondence with users of the website.<\/li>\n<\/ul>\n<ol start=\"4\">\n<li>\n<h3><strong> Voluntary Nature of Providing Data<\/strong><\/h3>\n<p>Providing personal data is voluntary, but necessary in order to receive a response to a message sent via the contact form.<\/li>\n<li>\n<h3><strong> Data Recipients<\/strong><\/h3>\n<p>Data may be shared with entities providing technical services related to the maintenance of the website (e.g. hosting providers), but only to the extent necessary to achieve the processing purpose. Data is\u00a0<strong>not transferred<\/strong>to third countries or international organisations.<\/li>\n<li>\n<h3><strong> Data Retention Period<\/strong><\/h3>\n<p>Data submitted via the contact form will be stored for the duration necessary to carry out correspondence and may be archived afterwards in line with the controller\u2019s legitimate interest or deleted.<br \/>\nIf cooperation is established, the data may be retained for up to\u00a0<strong>5 years<\/strong>from the start of the cooperation to fulfil legal obligations and safeguard potential claims.<\/li>\n<li>\n<h3><strong> Rights of Data Subjects<\/strong><\/h3>\n<p>Every individual whose data is processed has the right to:<\/li>\n<\/ol>\n<ul>\n<li>Access their data,<\/li>\n<li>Rectify their data,<\/li>\n<li>Erase their data,<\/li>\n<li>Restrict processing,<\/li>\n<li>Object to processing,<\/li>\n<li>Lodge a complaint with the President of the Personal Data Protection Office.<br \/>\nTo exercise these rights, please contact the controller:\u00a0kontakt@drkasia.pl<\/li>\n<\/ul>\n<ol start=\"8\">\n<li>\n<h3><strong> Changes to the Privacy Policy<\/strong><\/h3>\n<p>This privacy policy may be updated in the future in the event of changes to data processing practices or applicable legal regulations.<\/li>\n<\/ol>\n","protected":false},"excerpt":{"rendered":"<p>Privacy Policy Data Controller The controller of personal data collected via the contact form on this website is: Katarzyna Maci\u0105gowska al. Ko\u015bciuszki 45 90-514 \u0141\u00f3d\u017a NIP: 7292678585 Contact:\u00a0kontakt@drkasia.pl\u00a0\/ tel. +48&#8230;<\/p>\n","protected":false},"author":1,"featured_media":0,"parent":0,"menu_order":0,"comment_status":"closed","ping_status":"open","template":"","meta":{"inline_featured_image":false,"footnotes":""},"class_list":["post-3","page","type-page","status-publish"],"_links":{"self":[{"href":"https:\/\/drkasia.pl\/en\/wp-json\/wp\/v2\/pages\/3","targetHints":{"allow":["GET"]}}],"collection":[{"href":"https:\/\/drkasia.pl\/en\/wp-json\/wp\/v2\/pages"}],"about":[{"href":"https:\/\/drkasia.pl\/en\/wp-json\/wp\/v2\/types\/page"}],"author":[{"embeddable":true,"href":"https:\/\/drkasia.pl\/en\/wp-json\/wp\/v2\/users\/1"}],"replies":[{"embeddable":true,"href":"https:\/\/drkasia.pl\/en\/wp-json\/wp\/v2\/comments?post=3"}],"version-history":[{"count":8,"href":"https:\/\/drkasia.pl\/en\/wp-json\/wp\/v2\/pages\/3\/revisions"}],"predecessor-version":[{"id":435,"href":"https:\/\/drkasia.pl\/en\/wp-json\/wp\/v2\/pages\/3\/revisions\/435"}],"wp:attachment":[{"href":"https:\/\/drkasia.pl\/en\/wp-json\/wp\/v2\/media?parent=3"}],"curies":[{"name":"wp","href":"https:\/\/api.w.org\/{rel}","templated":true}]}}